{"id":2589,"date":"2022-10-05T06:44:43","date_gmt":"2022-10-05T06:44:43","guid":{"rendered":"http:\/\/kiennguyen900.123websitedemo.com\/?post_type=product&#038;p=2589"},"modified":"2026-02-16T02:52:36","modified_gmt":"2026-02-15T19:52:36","slug":"da-mai-inox-125x6x22","status":"publish","type":"product","link":"https:\/\/kiennguyen900.com\/en\/product\/da-mai-inox-125x6x22\/","title":{"rendered":"\u0110\u00e1 m\u00e0i inox"},"content":{"rendered":"<table>\n<tbody>\n<tr>\n<td colspan=\"2\" width=\"623\"><strong>\u0110\u00e1 m\u00e0i inox 125x6x22<\/strong><\/td>\n<\/tr>\n<tr>\n<td width=\"192\">S\u1eed d\u1ee5ng<\/td>\n<td width=\"432\">Chuy\u00ean m\u00e0i inox<\/td>\n<\/tr>\n<tr>\n<td width=\"192\">Quy c\u00e1ch<\/td>\n<td width=\"432\">125x6x22<\/td>\n<\/tr>\n<tr>\n<td width=\"192\">Ph\u00e2n lo\u1ea1i<\/td>\n<td width=\"432\">WA<\/td>\n<\/tr>\n<tr>\n<td width=\"192\">S\u1ed1 h\u1ea1t<\/td>\n<td width=\"432\">36 \u2013 120<\/td>\n<\/tr>\n<tr>\n<td width=\"192\">T\u1ed1c \u0111\u1ed9 t\u1ed1i \u0111a<\/td>\n<td width=\"432\">12.300 (v\u00f2ng\/ph\u00fat)<\/td>\n<\/tr>\n<tr>\n<td width=\"192\">\u0110\u00f3ng g\u00f3i (c\u00e1i\/h\u1ed9p)<\/td>\n<td width=\"432\">25<\/td>\n<\/tr>\n<tr>\n<td width=\"192\">Th\u00f9ng (c\u00e1i\/th\u00f9ng)<\/td>\n<td width=\"432\">200<\/td>\n<\/tr>\n<\/tbody>\n<\/table>","protected":false},"excerpt":{"rendered":"<p>125 x 6 x 22<\/p>","protected":false},"featured_media":2585,"comment_status":"open","ping_status":"closed","template":"","meta":[],"product_cat":[33,35,27],"product_tag":[],"yst_prominent_words":[],"_links":{"self":[{"href":"https:\/\/kiennguyen900.com\/en\/wp-json\/wp\/v2\/product\/2589"}],"collection":[{"href":"https:\/\/kiennguyen900.com\/en\/wp-json\/wp\/v2\/product"}],"about":[{"href":"https:\/\/kiennguyen900.com\/en\/wp-json\/wp\/v2\/types\/product"}],"replies":[{"embeddable":true,"href":"https:\/\/kiennguyen900.com\/en\/wp-json\/wp\/v2\/comments?post=2589"}],"wp:featuredmedia":[{"embeddable":true,"href":"https:\/\/kiennguyen900.com\/en\/wp-json\/wp\/v2\/media\/2585"}],"wp:attachment":[{"href":"https:\/\/kiennguyen900.com\/en\/wp-json\/wp\/v2\/media?parent=2589"}],"wp:term":[{"taxonomy":"product_cat","embeddable":true,"href":"https:\/\/kiennguyen900.com\/en\/wp-json\/wp\/v2\/product_cat?post=2589"},{"taxonomy":"product_tag","embeddable":true,"href":"https:\/\/kiennguyen900.com\/en\/wp-json\/wp\/v2\/product_tag?post=2589"},{"taxonomy":"yst_prominent_words","embeddable":true,"href":"https:\/\/kiennguyen900.com\/en\/wp-json\/wp\/v2\/yst_prominent_words?post=2589"}],"curies":[{"name":"wp","href":"https:\/\/api.w.org\/{rel}","templated":true}]}}