{"id":2494,"date":"2022-09-23T10:37:20","date_gmt":"2022-09-23T10:37:20","guid":{"rendered":"http:\/\/kiennguyen900.123websitedemo.com\/?post_type=product&#038;p=2494"},"modified":"2025-12-02T02:47:28","modified_gmt":"2025-12-01T19:47:28","slug":"da-mai-100-x-6-x-16","status":"publish","type":"product","link":"https:\/\/kiennguyen900.com\/en\/product\/da-mai-100-x-6-x-16\/","title":{"rendered":"\u0110\u00e1 m\u00e0i"},"content":{"rendered":"<table>\n<tbody>\n<tr>\n<td colspan=\"2\" width=\"623\"><strong>\u0110\u00e1 m\u00e0i 100 x 6 x 16<\/strong><\/td>\n<\/tr>\n<tr>\n<td width=\"192\">S\u1eed d\u1ee5ng<\/td>\n<td width=\"432\">Chuy\u00ean m\u00e0i s\u1eaft<\/td>\n<\/tr>\n<tr>\n<td width=\"192\">Quy c\u00e1ch<\/td>\n<td width=\"432\">100 x 6 x 16 mm \u2013 4 x 1\/4 x 5\/8 inch<\/td>\n<\/tr>\n<tr>\n<td width=\"192\">Ph\u00e2n lo\u1ea1i<\/td>\n<td width=\"432\">A24S<\/td>\n<\/tr>\n<tr>\n<td width=\"192\">S\u1ed1 h\u1ea1t<\/td>\n<td width=\"432\">24 &#8211; 120<\/td>\n<\/tr>\n<tr>\n<td width=\"192\">T\u1ed1c \u0111\u1ed9 t\u1ed1i \u0111a<\/td>\n<td width=\"432\">14.000 RPM<\/td>\n<\/tr>\n<tr>\n<td width=\"192\">\u0110\u00f3ng g\u00f3i (c\u00e1i\/h\u1ed9p)<\/td>\n<td width=\"432\">25<\/td>\n<\/tr>\n<tr>\n<td width=\"192\">Th\u00f9ng (c\u00e1i\/th\u00f9ng)<\/td>\n<td width=\"432\">200<\/td>\n<\/tr>\n<\/tbody>\n<\/table>","protected":false},"excerpt":{"rendered":"<p>100 x 6 x 16<\/p>","protected":false},"featured_media":2495,"comment_status":"open","ping_status":"closed","template":"","meta":[],"product_cat":[38,28],"product_tag":[],"yst_prominent_words":[],"_links":{"self":[{"href":"https:\/\/kiennguyen900.com\/en\/wp-json\/wp\/v2\/product\/2494"}],"collection":[{"href":"https:\/\/kiennguyen900.com\/en\/wp-json\/wp\/v2\/product"}],"about":[{"href":"https:\/\/kiennguyen900.com\/en\/wp-json\/wp\/v2\/types\/product"}],"replies":[{"embeddable":true,"href":"https:\/\/kiennguyen900.com\/en\/wp-json\/wp\/v2\/comments?post=2494"}],"wp:featuredmedia":[{"embeddable":true,"href":"https:\/\/kiennguyen900.com\/en\/wp-json\/wp\/v2\/media\/2495"}],"wp:attachment":[{"href":"https:\/\/kiennguyen900.com\/en\/wp-json\/wp\/v2\/media?parent=2494"}],"wp:term":[{"taxonomy":"product_cat","embeddable":true,"href":"https:\/\/kiennguyen900.com\/en\/wp-json\/wp\/v2\/product_cat?post=2494"},{"taxonomy":"product_tag","embeddable":true,"href":"https:\/\/kiennguyen900.com\/en\/wp-json\/wp\/v2\/product_tag?post=2494"},{"taxonomy":"yst_prominent_words","embeddable":true,"href":"https:\/\/kiennguyen900.com\/en\/wp-json\/wp\/v2\/yst_prominent_words?post=2494"}],"curies":[{"name":"wp","href":"https:\/\/api.w.org\/{rel}","templated":true}]}}