{"id":2339,"date":"2022-09-22T09:02:05","date_gmt":"2022-09-22T09:02:05","guid":{"rendered":"http:\/\/kiennguyen900.123websitedemo.com\/?post_type=product&#038;p=2339"},"modified":"2025-10-13T10:04:51","modified_gmt":"2025-10-13T03:04:51","slug":"da-cat-305-x-3-2-x-25-4-2","status":"publish","type":"product","link":"https:\/\/kiennguyen900.com\/en\/product\/da-cat-305-x-3-2-x-25-4-2\/","title":{"rendered":"\u0110\u00e1 c\u1eaft"},"content":{"rendered":"<table>\n<tbody>\n<tr>\n<td colspan=\"2\" width=\"623\"><strong>\u0110\u00e1 c\u1eaft 305 x 3.2 x 25.4 <\/strong><\/td>\n<\/tr>\n<tr>\n<td width=\"192\">S\u1eed d\u1ee5ng<\/td>\n<td width=\"432\">Chuy\u00ean c\u1eaft s\u1eaft<\/td>\n<\/tr>\n<tr>\n<td width=\"192\">Quy c\u00e1ch<\/td>\n<td width=\"432\">305 x 3.2 x 25.4 mm \u2013 12 x 1\/8 x 1 inch<\/td>\n<\/tr>\n<tr>\n<td width=\"192\">Ph\u00e2n lo\u1ea1i<\/td>\n<td width=\"432\">A30S<\/td>\n<\/tr>\n<tr>\n<td width=\"192\">S\u1ed1 h\u1ea1t<\/td>\n<td width=\"432\">24 \u2013 120<\/td>\n<\/tr>\n<tr>\n<td width=\"192\">T\u1ed1c \u0111\u1ed9 t\u1ed1i \u0111a<\/td>\n<td width=\"432\">3.800 RPM<\/td>\n<\/tr>\n<tr>\n<td width=\"192\">\u0110\u00f3ng g\u00f3i (c\u00e1i\/h\u1ed9p)<\/td>\n<td width=\"432\">\u00a0&#8211;<\/td>\n<\/tr>\n<tr>\n<td width=\"192\">Th\u00f9ng (c\u00e1i\/th\u00f9ng)<\/td>\n<td width=\"432\">25<\/td>\n<\/tr>\n<\/tbody>\n<\/table>","protected":false},"excerpt":{"rendered":"<p>305 x 3.2 x 25.4<\/p>","protected":false},"featured_media":2331,"comment_status":"open","ping_status":"closed","template":"","meta":[],"product_cat":[30,32,27],"product_tag":[],"yst_prominent_words":[],"_links":{"self":[{"href":"https:\/\/kiennguyen900.com\/en\/wp-json\/wp\/v2\/product\/2339"}],"collection":[{"href":"https:\/\/kiennguyen900.com\/en\/wp-json\/wp\/v2\/product"}],"about":[{"href":"https:\/\/kiennguyen900.com\/en\/wp-json\/wp\/v2\/types\/product"}],"replies":[{"embeddable":true,"href":"https:\/\/kiennguyen900.com\/en\/wp-json\/wp\/v2\/comments?post=2339"}],"wp:featuredmedia":[{"embeddable":true,"href":"https:\/\/kiennguyen900.com\/en\/wp-json\/wp\/v2\/media\/2331"}],"wp:attachment":[{"href":"https:\/\/kiennguyen900.com\/en\/wp-json\/wp\/v2\/media?parent=2339"}],"wp:term":[{"taxonomy":"product_cat","embeddable":true,"href":"https:\/\/kiennguyen900.com\/en\/wp-json\/wp\/v2\/product_cat?post=2339"},{"taxonomy":"product_tag","embeddable":true,"href":"https:\/\/kiennguyen900.com\/en\/wp-json\/wp\/v2\/product_tag?post=2339"},{"taxonomy":"yst_prominent_words","embeddable":true,"href":"https:\/\/kiennguyen900.com\/en\/wp-json\/wp\/v2\/yst_prominent_words?post=2339"}],"curies":[{"name":"wp","href":"https:\/\/api.w.org\/{rel}","templated":true}]}}