{"id":2322,"date":"2022-09-22T08:45:57","date_gmt":"2022-09-22T08:45:57","guid":{"rendered":"http:\/\/kiennguyen900.123websitedemo.com\/?post_type=product&#038;p=2322"},"modified":"2025-12-09T19:30:48","modified_gmt":"2025-12-09T12:30:48","slug":"nham-xep-nkk","status":"publish","type":"product","link":"https:\/\/kiennguyen900.com\/en\/product\/nham-xep-nkk\/","title":{"rendered":"Nh\u00e1m x\u1ebfp NKK"},"content":{"rendered":"<table style=\"height: 231px;\" width=\"640\">\n<tbody>\n<tr>\n<td colspan=\"2\" width=\"623\"><strong>Nh\u00e1m x\u1ebfp NKK<\/strong><\/td>\n<\/tr>\n<tr>\n<td width=\"192\">Nh\u00e1m<\/td>\n<td width=\"432\">72P<\/td>\n<\/tr>\n<tr>\n<td width=\"192\">\u0110\u01b0\u1eddng k\u00ednh<\/td>\n<td width=\"432\">100 mm \u2013 4 inch<\/td>\n<\/tr>\n<tr>\n<td width=\"192\">L\u00f5i<\/td>\n<td width=\"432\">16<\/td>\n<\/tr>\n<tr>\n<td width=\"192\">T\u1ed1c \u0111\u1ed9 t\u1ed1i \u0111a<\/td>\n<td width=\"432\">15.200 RPM<\/p>\n<p>\u0110\u1ed9 c\u00e1t :\u00a0 A40- A60 Trung b\u00ecnh : A80- A100- A120<\/td>\n<\/tr>\n<tr>\n<td width=\"192\">\u0110\u00f3ng g\u00f3i (c\u00e1i\/h\u1ed9p)<\/td>\n<td width=\"432\">10<\/td>\n<\/tr>\n<tr>\n<td width=\"192\">Th\u00f9ng (c\u00e1i\/th\u00f9ng)<\/td>\n<td width=\"432\">100<\/td>\n<\/tr>\n<\/tbody>\n<\/table>","protected":false},"excerpt":{"rendered":"<p>72P<\/p>","protected":false},"featured_media":2319,"comment_status":"open","ping_status":"closed","template":"","meta":[],"product_cat":[29,41],"product_tag":[],"yst_prominent_words":[],"_links":{"self":[{"href":"https:\/\/kiennguyen900.com\/en\/wp-json\/wp\/v2\/product\/2322"}],"collection":[{"href":"https:\/\/kiennguyen900.com\/en\/wp-json\/wp\/v2\/product"}],"about":[{"href":"https:\/\/kiennguyen900.com\/en\/wp-json\/wp\/v2\/types\/product"}],"replies":[{"embeddable":true,"href":"https:\/\/kiennguyen900.com\/en\/wp-json\/wp\/v2\/comments?post=2322"}],"wp:featuredmedia":[{"embeddable":true,"href":"https:\/\/kiennguyen900.com\/en\/wp-json\/wp\/v2\/media\/2319"}],"wp:attachment":[{"href":"https:\/\/kiennguyen900.com\/en\/wp-json\/wp\/v2\/media?parent=2322"}],"wp:term":[{"taxonomy":"product_cat","embeddable":true,"href":"https:\/\/kiennguyen900.com\/en\/wp-json\/wp\/v2\/product_cat?post=2322"},{"taxonomy":"product_tag","embeddable":true,"href":"https:\/\/kiennguyen900.com\/en\/wp-json\/wp\/v2\/product_tag?post=2322"},{"taxonomy":"yst_prominent_words","embeddable":true,"href":"https:\/\/kiennguyen900.com\/en\/wp-json\/wp\/v2\/yst_prominent_words?post=2322"}],"curies":[{"name":"wp","href":"https:\/\/api.w.org\/{rel}","templated":true}]}}