{"id":2321,"date":"2022-09-22T08:45:11","date_gmt":"2022-09-22T08:45:11","guid":{"rendered":"http:\/\/kiennguyen900.123websitedemo.com\/?post_type=product&#038;p=2321"},"modified":"2025-12-02T02:47:09","modified_gmt":"2025-12-01T19:47:09","slug":"da-cat-sieu-ben-355-x-3-2-x-25-4","status":"publish","type":"product","link":"https:\/\/kiennguyen900.com\/en\/product\/da-cat-sieu-ben-355-x-3-2-x-25-4\/","title":{"rendered":"\u0110\u00e1 c\u1eaft si\u00eau b\u00e9n"},"content":{"rendered":"<table>\n<tbody>\n<tr>\n<td colspan=\"2\" width=\"623\"><strong>\u0110\u00e1 c\u1eaft si\u00eau b\u00e9n 355 x 3.2 x 25.4<\/strong><\/td>\n<\/tr>\n<tr>\n<td width=\"192\">S\u1eed d\u1ee5ng<\/td>\n<td width=\"432\">Chuy\u00ean s\u1eed d\u1ee5ng cho Inox<\/td>\n<\/tr>\n<tr>\n<td width=\"192\">Quy c\u00e1ch<\/td>\n<td width=\"432\">105 x 1.1 x 6 mm \u2013 14 x 1\/8 x 1 inch<\/td>\n<\/tr>\n<tr>\n<td width=\"192\">Ph\u00e2n lo\u1ea1i<\/td>\n<td width=\"432\">AWA<\/td>\n<\/tr>\n<tr>\n<td width=\"192\">S\u1ed1 h\u1ea1t<\/td>\n<td width=\"432\">36 \u2013 120<\/td>\n<\/tr>\n<tr>\n<td width=\"192\">T\u1ed1c \u0111\u1ed9 t\u1ed1i \u0111a<\/td>\n<td width=\"432\">3.800 RPM<\/td>\n<\/tr>\n<tr>\n<td width=\"192\">\u0110\u00f3ng g\u00f3i (c\u00e1i\/h\u1ed9p)<\/td>\n<td width=\"432\">&#8211;<\/td>\n<\/tr>\n<tr>\n<td width=\"192\">Th\u00f9ng (c\u00e1i\/th\u00f9ng)<\/td>\n<td width=\"432\">25<\/td>\n<\/tr>\n<\/tbody>\n<\/table>","protected":false},"excerpt":{"rendered":"<p>355 x 3.2 x 25.4<\/p>","protected":false},"featured_media":2318,"comment_status":"open","ping_status":"closed","template":"","meta":[],"product_cat":[40,29],"product_tag":[],"yst_prominent_words":[],"_links":{"self":[{"href":"https:\/\/kiennguyen900.com\/en\/wp-json\/wp\/v2\/product\/2321"}],"collection":[{"href":"https:\/\/kiennguyen900.com\/en\/wp-json\/wp\/v2\/product"}],"about":[{"href":"https:\/\/kiennguyen900.com\/en\/wp-json\/wp\/v2\/types\/product"}],"replies":[{"embeddable":true,"href":"https:\/\/kiennguyen900.com\/en\/wp-json\/wp\/v2\/comments?post=2321"}],"wp:featuredmedia":[{"embeddable":true,"href":"https:\/\/kiennguyen900.com\/en\/wp-json\/wp\/v2\/media\/2318"}],"wp:attachment":[{"href":"https:\/\/kiennguyen900.com\/en\/wp-json\/wp\/v2\/media?parent=2321"}],"wp:term":[{"taxonomy":"product_cat","embeddable":true,"href":"https:\/\/kiennguyen900.com\/en\/wp-json\/wp\/v2\/product_cat?post=2321"},{"taxonomy":"product_tag","embeddable":true,"href":"https:\/\/kiennguyen900.com\/en\/wp-json\/wp\/v2\/product_tag?post=2321"},{"taxonomy":"yst_prominent_words","embeddable":true,"href":"https:\/\/kiennguyen900.com\/en\/wp-json\/wp\/v2\/yst_prominent_words?post=2321"}],"curies":[{"name":"wp","href":"https:\/\/api.w.org\/{rel}","templated":true}]}}