{"id":246,"date":"2022-09-13T10:17:53","date_gmt":"2022-09-13T10:17:53","guid":{"rendered":"http:\/\/kiennguyen900.123websitedemo.com\/?page_id=246"},"modified":"2022-11-03T00:50:42","modified_gmt":"2022-11-03T00:50:42","slug":"tin-tuc","status":"publish","type":"page","link":"https:\/\/kiennguyen900.com\/en\/tin-tuc\/","title":{"rendered":"Blog"},"content":{"rendered":"<div data-elementor-type=\"wp-page\" data-elementor-id=\"246\" class=\"elementor elementor-246\">\n\t\t\t\t\t\t\t\t\t<section class=\"elementor-section elementor-top-section elementor-element elementor-element-3624a8cd elementor-section-height-min-height elementor-section-boxed elementor-section-height-default elementor-section-items-middle\" data-id=\"3624a8cd\" data-element_type=\"section\" data-settings=\"{&quot;background_background&quot;:&quot;classic&quot;}\">\n\t\t\t\t\t\t\t<div class=\"elementor-background-overlay\"><\/div>\n\t\t\t\t\t\t\t<div class=\"elementor-container elementor-column-gap-wider\">\n\t\t\t\t\t<div class=\"elementor-column elementor-col-100 elementor-top-column elementor-element elementor-element-7dfa1c4b\" data-id=\"7dfa1c4b\" data-element_type=\"column\">\n\t\t\t<div class=\"elementor-widget-wrap elementor-element-populated\">\n\t\t\t\t\t\t\t\t<div class=\"elementor-element elementor-element-32e66d14 elementor-hidden-desktop elementor-hidden-tablet elementor-hidden-mobile elementor-invisible elementor-widget elementor-widget-heading\" data-id=\"32e66d14\" data-element_type=\"widget\" data-settings=\"{&quot;_animation&quot;:&quot;fadeInDown&quot;}\" data-widget_type=\"heading.default\">\n\t\t\t\t<div class=\"elementor-widget-container\">\n\t\t\t<style>\/*! elementor - v3.7.8 - 02-10-2022 *\/\n.elementor-heading-title{padding:0;margin:0;line-height:1}.elementor-widget-heading .elementor-heading-title[class*=elementor-size-]>a{color:inherit;font-size:inherit;line-height:inherit}.elementor-widget-heading .elementor-heading-title.elementor-size-small{font-size:15px}.elementor-widget-heading .elementor-heading-title.elementor-size-medium{font-size:19px}.elementor-widget-heading .elementor-heading-title.elementor-size-large{font-size:29px}.elementor-widget-heading .elementor-heading-title.elementor-size-xl{font-size:39px}.elementor-widget-heading .elementor-heading-title.elementor-size-xxl{font-size:59px}<\/style><div class=\"elementor-heading-title elementor-size-default\">Latest news & article<\/div>\t\t<\/div>\n\t\t\t\t<\/div>\n\t\t\t\t<div class=\"elementor-element elementor-element-245065db elementor-invisible elementor-widget elementor-widget-heading\" data-id=\"245065db\" data-element_type=\"widget\" data-settings=\"{&quot;_animation&quot;:&quot;fadeInLeft&quot;}\" data-widget_type=\"heading.default\">\n\t\t\t\t<div class=\"elementor-widget-container\">\n\t\t\t<h1 class=\"elementor-heading-title elementor-size-default\">Tin t\u1ee9c<\/h1>\t\t<\/div>\n\t\t\t\t<\/div>\n\t\t\t\t\t<\/div>\n\t\t<\/div>\n\t\t\t\t\t\t\t<\/div>\n\t\t<\/section>\n\t\t\t\t<section class=\"elementor-section elementor-top-section elementor-element elementor-element-37610b5 elementor-section-boxed elementor-section-height-default elementor-section-height-default\" data-id=\"37610b5\" data-element_type=\"section\">\n\t\t\t\t\t\t<div class=\"elementor-container elementor-column-gap-default\">\n\t\t\t\t\t<div class=\"elementor-column elementor-col-100 elementor-top-column elementor-element elementor-element-51008db6\" data-id=\"51008db6\" data-element_type=\"column\">\n\t\t\t<div class=\"elementor-widget-wrap elementor-element-populated\">\n\t\t\t\t\t\t\t\t<section class=\"elementor-section elementor-inner-section elementor-element elementor-element-49b5da51 elementor-section-boxed elementor-section-height-default elementor-section-height-default\" data-id=\"49b5da51\" data-element_type=\"section\">\n\t\t\t\t\t\t<div class=\"elementor-container elementor-column-gap-wider\">\n\t\t\t\t\t<div class=\"elementor-column elementor-col-100 elementor-inner-column elementor-element elementor-element-7c9d873c\" data-id=\"7c9d873c\" data-element_type=\"column\">\n\t\t\t<div class=\"elementor-widget-wrap elementor-element-populated\">\n\t\t\t\t\t\t\t\t<div class=\"elementor-element elementor-element-6539edd elementor-grid-3 elementor-grid-tablet-2 elementor-grid-mobile-1 elementor-posts--thumbnail-top elementor-card-shadow-yes elementor-posts__hover-gradient elementor-widget elementor-widget-posts\" data-id=\"6539edd\" data-element_type=\"widget\" data-settings=\"{&quot;cards_columns&quot;:&quot;3&quot;,&quot;cards_columns_tablet&quot;:&quot;2&quot;,&quot;cards_columns_mobile&quot;:&quot;1&quot;,&quot;cards_row_gap&quot;:{&quot;unit&quot;:&quot;px&quot;,&quot;size&quot;:35,&quot;sizes&quot;:[]},&quot;cards_row_gap_tablet&quot;:{&quot;unit&quot;:&quot;px&quot;,&quot;size&quot;:&quot;&quot;,&quot;sizes&quot;:[]},&quot;cards_row_gap_mobile&quot;:{&quot;unit&quot;:&quot;px&quot;,&quot;size&quot;:&quot;&quot;,&quot;sizes&quot;:[]}}\" data-widget_type=\"posts.cards\">\n\t\t\t\t<div class=\"elementor-widget-container\">\n\t\t\t<link rel=\"stylesheet\" href=\"https:\/\/kiennguyen900.com\/wp-content\/plugins\/elementor-pro\/assets\/css\/widget-posts.min.css\">\t\t<div class=\"elementor-posts-container elementor-posts elementor-posts--skin-cards elementor-grid\">\n\t\t\t\t<article class=\"elementor-post elementor-grid-item post-2470 post type-post status-publish format-standard has-post-thumbnail hentry category-tin-tuc\">\n\t\t\t<div class=\"elementor-post__card\">\n\t\t\t\t<a class=\"elementor-post__thumbnail__link\" href=\"https:\/\/kiennguyen900.com\/en\/huong-dan-su-dung-da-cat\/\" target=\"_blank\"><div class=\"elementor-post__thumbnail\"><img width=\"135\" height=\"300\" src=\"https:\/\/kiennguyen900.com\/wp-content\/uploads\/2022\/09\/img-tin-tuc-12-2-135x300.png\" class=\"attachment-medium size-medium\" alt=\"\" decoding=\"async\" loading=\"lazy\" srcset=\"https:\/\/kiennguyen900.com\/wp-content\/uploads\/2022\/09\/img-tin-tuc-12-2-135x300.png 135w, https:\/\/kiennguyen900.com\/wp-content\/uploads\/2022\/09\/img-tin-tuc-12-2-5x12.png 5w, https:\/\/kiennguyen900.com\/wp-content\/uploads\/2022\/09\/img-tin-tuc-12-2.png 208w\" sizes=\"(max-width: 135px) 100vw, 135px\" \/><\/div><\/a>\n\t\t\t\t<div class=\"elementor-post__text\">\n\t\t\t\t<h3 class=\"elementor-post__title\">\n\t\t\t<a href=\"https:\/\/kiennguyen900.com\/en\/huong-dan-su-dung-da-cat\/\" target=\"&quot;_blank&quot;\">\n\t\t\t\tH\u01af\u1edaNG D\u1eaaN S\u1eec D\u1ee4NG \u0110\u00c1 C\u1eaeT\t\t\t<\/a>\n\t\t<\/h3>\n\t\t\t\t<div class=\"elementor-post__excerpt\">\n\t\t\t<p>\u0110\u00e1 c\u1eaft \u0110\u00e1 m\u00e0i Nh\u00e1m x\u1ebfp L\u01b0\u1ee1i h\u00ecnh n\u00f3n t\u1ea1o ra k\u1ebft qu\u1ea3 t\u1ed1i \u01b0u \u1edf c\u00e1c g\u00f3c ti\u1ebfp x\u00fac l\u1edbn h\u01a1n &nbsp;(00 \u2013 150)<\/p>\n\t\t<\/div>\n\t\t\n\t\t<a class=\"elementor-post__read-more\" href=\"https:\/\/kiennguyen900.com\/en\/huong-dan-su-dung-da-cat\/\" target=\"_blank\">\n\t\t\tXem th\u00eam \u00bb\t\t<\/a>\n\n\t\t\t\t<\/div>\n\t\t\t\t<div class=\"elementor-post__meta-data\">\n\t\t\t\t\t<span class=\"elementor-post-date\">\n\t\t\t23\/09\/2022\t\t<\/span>\n\t\t\t\t<span class=\"elementor-post-avatar\">\n\t\t\tNo Comments\t\t<\/span>\n\t\t\t\t<\/div>\n\t\t\t\t\t<\/div>\n\t\t<\/article>\n\t\t\t\t<article class=\"elementor-post elementor-grid-item post-1557 post type-post status-publish format-standard has-post-thumbnail hentry category-tin-tuc\">\n\t\t\t<div class=\"elementor-post__card\">\n\t\t\t\t<a class=\"elementor-post__thumbnail__link\" href=\"https:\/\/kiennguyen900.com\/en\/da-kien-nguyen-02\/\" target=\"_blank\"><div class=\"elementor-post__thumbnail\"><img width=\"300\" height=\"208\" src=\"https:\/\/kiennguyen900.com\/wp-content\/uploads\/2022\/09\/img-tin-tuc-01-300x208.gif\" class=\"attachment-medium size-medium\" alt=\"\" decoding=\"async\" loading=\"lazy\" srcset=\"https:\/\/kiennguyen900.com\/wp-content\/uploads\/2022\/09\/img-tin-tuc-01-300x208.gif 300w, https:\/\/kiennguyen900.com\/wp-content\/uploads\/2022\/09\/img-tin-tuc-01-600x416.gif 600w, https:\/\/kiennguyen900.com\/wp-content\/uploads\/2022\/09\/img-tin-tuc-01-18x12.gif 18w\" sizes=\"(max-width: 300px) 100vw, 300px\" \/><\/div><\/a>\n\t\t\t\t<div class=\"elementor-post__text\">\n\t\t\t\t<h3 class=\"elementor-post__title\">\n\t\t\t<a href=\"https:\/\/kiennguyen900.com\/en\/da-kien-nguyen-02\/\" target=\"&quot;_blank&quot;\">\n\t\t\t\tQUY C\u00c1CH \u0110\u1eccC C\u00c1C K\u00dd HI\u1ec6U TR\u00caN \u0110\u00c1 M\u00c0I\t\t\t<\/a>\n\t\t<\/h3>\n\t\t\t\t<div class=\"elementor-post__excerpt\">\n\t\t\t<p>C\u00e1ch \u0111\u1ecdc k\u00fd hi\u1ec7u tr\u00ean \u0111\u00e1 m\u00e0i Ph\u1ea9n l\u1edbn c\u00e1c \u0111\u0129a m\u00e0i ch\u1ee9a h\u1ea1t m\u00e0i b\u1eb1ng b\u1ed9t m\u00e0i (coridon) (tr\u1eafng, h\u1ed5ng) hay silicium cacbit (xanh,\u0111en).<\/p>\n\t\t<\/div>\n\t\t\n\t\t<a class=\"elementor-post__read-more\" href=\"https:\/\/kiennguyen900.com\/en\/da-kien-nguyen-02\/\" target=\"_blank\">\n\t\t\tXem th\u00eam \u00bb\t\t<\/a>\n\n\t\t\t\t<\/div>\n\t\t\t\t<div class=\"elementor-post__meta-data\">\n\t\t\t\t\t<span class=\"elementor-post-date\">\n\t\t\t15\/09\/2022\t\t<\/span>\n\t\t\t\t<span class=\"elementor-post-avatar\">\n\t\t\tNo Comments\t\t<\/span>\n\t\t\t\t<\/div>\n\t\t\t\t\t<\/div>\n\t\t<\/article>\n\t\t\t\t<article class=\"elementor-post elementor-grid-item post-1548 post type-post status-publish format-standard has-post-thumbnail hentry category-tin-tuc\">\n\t\t\t<div class=\"elementor-post__card\">\n\t\t\t\t<a class=\"elementor-post__thumbnail__link\" href=\"https:\/\/kiennguyen900.com\/en\/da-cat-sat-kien-nguyen-01\/\" target=\"_blank\"><div class=\"elementor-post__thumbnail\"><img width=\"300\" height=\"200\" src=\"https:\/\/kiennguyen900.com\/wp-content\/uploads\/2022\/09\/Image-Z9LBYQJ-300x200.jpg\" class=\"attachment-medium size-medium\" alt=\"\" decoding=\"async\" loading=\"lazy\" srcset=\"https:\/\/kiennguyen900.com\/wp-content\/uploads\/2022\/09\/Image-Z9LBYQJ-300x200.jpg 300w, https:\/\/kiennguyen900.com\/wp-content\/uploads\/2022\/09\/Image-Z9LBYQJ-600x401.jpg 600w, https:\/\/kiennguyen900.com\/wp-content\/uploads\/2022\/09\/Image-Z9LBYQJ-1024x684.jpg 1024w, https:\/\/kiennguyen900.com\/wp-content\/uploads\/2022\/09\/Image-Z9LBYQJ-768x513.jpg 768w, https:\/\/kiennguyen900.com\/wp-content\/uploads\/2022\/09\/Image-Z9LBYQJ-1536x1025.jpg 1536w, https:\/\/kiennguyen900.com\/wp-content\/uploads\/2022\/09\/Image-Z9LBYQJ.jpg 2000w\" sizes=\"(max-width: 300px) 100vw, 300px\" \/><\/div><\/a>\n\t\t\t\t<div class=\"elementor-post__text\">\n\t\t\t\t<h3 class=\"elementor-post__title\">\n\t\t\t<a href=\"https:\/\/kiennguyen900.com\/en\/da-cat-sat-kien-nguyen-01\/\" target=\"&quot;_blank&quot;\">\n\t\t\t\tC\u1ea2NH B\u00c1O AN TO\u00c0N KHI S\u1eec D\u1ee4NG S\u1ea2N PH\u1ea8M\t\t\t<\/a>\n\t\t<\/h3>\n\t\t\t\t<div class=\"elementor-post__excerpt\">\n\t\t\t<p>LU\u00d4N x\u1eed l\u00fd v\u00e0 b\u1ea3o qu\u1ea3n \u0111\u00e1 c\u1eaft c\u1ea9n th\u1eadn, kh\u00f4 r\u00e1o v\u00e0 an to\u00e0n.<br \/>\nLU\u00d4N ki\u1ec3m tra \u0111\u00e1 c\u1eaft tr\u01b0\u1edbc khi l\u1eafp v\u00e0o \u0111\u1ec3 tr\u00e1nh tr\u01b0\u1eddng h\u1ee3p nguy hi\u1ec3m x\u1ea3y ra.<br \/>\nLU\u00d4N \u0111\u1ea3m b\u1ea3o t\u1ed1c \u0111\u1ed9 v\u1eadn h\u00e0nh c\u1ee7a m\u00e1y kh\u00f4ng v\u01b0\u1ee3t qu\u00e1 t\u1ed1c \u0111\u1ed9 ghi tr\u00ean \u0111\u00e1 c\u1eaft.<\/p>\n\t\t<\/div>\n\t\t\n\t\t<a class=\"elementor-post__read-more\" href=\"https:\/\/kiennguyen900.com\/en\/da-cat-sat-kien-nguyen-01\/\" target=\"_blank\">\n\t\t\tXem th\u00eam \u00bb\t\t<\/a>\n\n\t\t\t\t<\/div>\n\t\t\t\t<div class=\"elementor-post__meta-data\">\n\t\t\t\t\t<span class=\"elementor-post-date\">\n\t\t\t15\/09\/2022\t\t<\/span>\n\t\t\t\t<span class=\"elementor-post-avatar\">\n\t\t\tNo Comments\t\t<\/span>\n\t\t\t\t<\/div>\n\t\t\t\t\t<\/div>\n\t\t<\/article>\n\t\t\t\t<\/div>\n\n\n\t\t\n\t\t\t\t<\/div>\n\t\t\t\t<\/div>\n\t\t\t\t\t<\/div>\n\t\t<\/div>\n\t\t\t\t\t\t\t<\/div>\n\t\t<\/section>\n\t\t\t\t\t<\/div>\n\t\t<\/div>\n\t\t\t\t\t\t\t<\/div>\n\t\t<\/section>\n\t\t\t\t\t\t\t<\/div>","protected":false},"excerpt":{"rendered":"<p>Latest news &#038; article Tin t\u1ee9c<\/p>","protected":false},"author":1,"featured_media":0,"parent":0,"menu_order":0,"comment_status":"closed","ping_status":"closed","template":"","meta":[],"yst_prominent_words":[],"_links":{"self":[{"href":"https:\/\/kiennguyen900.com\/en\/wp-json\/wp\/v2\/pages\/246"}],"collection":[{"href":"https:\/\/kiennguyen900.com\/en\/wp-json\/wp\/v2\/pages"}],"about":[{"href":"https:\/\/kiennguyen900.com\/en\/wp-json\/wp\/v2\/types\/page"}],"author":[{"embeddable":true,"href":"https:\/\/kiennguyen900.com\/en\/wp-json\/wp\/v2\/users\/1"}],"replies":[{"embeddable":true,"href":"https:\/\/kiennguyen900.com\/en\/wp-json\/wp\/v2\/comments?post=246"}],"version-history":[{"count":106,"href":"https:\/\/kiennguyen900.com\/en\/wp-json\/wp\/v2\/pages\/246\/revisions"}],"predecessor-version":[{"id":3137,"href":"https:\/\/kiennguyen900.com\/en\/wp-json\/wp\/v2\/pages\/246\/revisions\/3137"}],"wp:attachment":[{"href":"https:\/\/kiennguyen900.com\/en\/wp-json\/wp\/v2\/media?parent=246"}],"wp:term":[{"taxonomy":"yst_prominent_words","embeddable":true,"href":"https:\/\/kiennguyen900.com\/en\/wp-json\/wp\/v2\/yst_prominent_words?post=246"}],"curies":[{"name":"wp","href":"https:\/\/api.w.org\/{rel}","templated":true}]}}