{"id":2413,"date":"2022-09-23T08:09:49","date_gmt":"2022-09-23T08:09:49","guid":{"rendered":"http:\/\/kiennguyen900.123websitedemo.com\/?page_id=2413"},"modified":"2022-11-03T00:55:37","modified_gmt":"2022-11-03T00:55:37","slug":"catolouge","status":"publish","type":"page","link":"https:\/\/kiennguyen900.com\/en\/catolouge\/","title":{"rendered":"CATALOGUE"},"content":{"rendered":"<div data-elementor-type=\"wp-page\" data-elementor-id=\"2413\" class=\"elementor elementor-2413\">\n\t\t\t\t\t\t\t\t\t<section class=\"elementor-section elementor-top-section elementor-element elementor-element-4b6e7a1 elementor-section-height-min-height elementor-section-boxed elementor-section-height-default elementor-section-items-middle\" data-id=\"4b6e7a1\" data-element_type=\"section\" data-settings=\"{&quot;background_background&quot;:&quot;classic&quot;}\">\n\t\t\t\t\t\t\t<div class=\"elementor-background-overlay\"><\/div>\n\t\t\t\t\t\t\t<div class=\"elementor-container elementor-column-gap-wider\">\n\t\t\t\t\t<div class=\"elementor-column elementor-col-100 elementor-top-column elementor-element elementor-element-a36027a\" data-id=\"a36027a\" data-element_type=\"column\">\n\t\t\t<div class=\"elementor-widget-wrap elementor-element-populated\">\n\t\t\t\t\t\t\t\t<div class=\"elementor-element elementor-element-01ae51d elementor-invisible elementor-widget elementor-widget-heading\" data-id=\"01ae51d\" data-element_type=\"widget\" data-settings=\"{&quot;_animation&quot;:&quot;fadeInLeft&quot;}\" data-widget_type=\"heading.default\">\n\t\t\t\t<div class=\"elementor-widget-container\">\n\t\t\t<style>\/*! elementor - v3.7.8 - 02-10-2022 *\/\n.elementor-heading-title{padding:0;margin:0;line-height:1}.elementor-widget-heading .elementor-heading-title[class*=elementor-size-]>a{color:inherit;font-size:inherit;line-height:inherit}.elementor-widget-heading .elementor-heading-title.elementor-size-small{font-size:15px}.elementor-widget-heading .elementor-heading-title.elementor-size-medium{font-size:19px}.elementor-widget-heading .elementor-heading-title.elementor-size-large{font-size:29px}.elementor-widget-heading .elementor-heading-title.elementor-size-xl{font-size:39px}.elementor-widget-heading .elementor-heading-title.elementor-size-xxl{font-size:59px}<\/style><h1 class=\"elementor-heading-title elementor-size-default\">CATOLOUGE<\/h1>\t\t<\/div>\n\t\t\t\t<\/div>\n\t\t\t\t\t<\/div>\n\t\t<\/div>\n\t\t\t\t\t\t\t<\/div>\n\t\t<\/section>\n\t\t\t\t<section class=\"elementor-section elementor-top-section elementor-element elementor-element-3c2e51d elementor-section-boxed elementor-section-height-default elementor-section-height-default\" data-id=\"3c2e51d\" data-element_type=\"section\">\n\t\t\t\t\t\t<div class=\"elementor-container elementor-column-gap-default\">\n\t\t\t\t\t<div class=\"elementor-column elementor-col-100 elementor-top-column elementor-element elementor-element-d937b40\" data-id=\"d937b40\" data-element_type=\"column\">\n\t\t\t<div class=\"elementor-widget-wrap elementor-element-populated\">\n\t\t\t\t\t\t\t\t<div class=\"elementor-element elementor-element-faeb208 elementor-widget elementor-widget-heading\" data-id=\"faeb208\" data-element_type=\"widget\" data-widget_type=\"heading.default\">\n\t\t\t\t<div class=\"elementor-widget-container\">\n\t\t\t<h3 class=\"elementor-heading-title elementor-size-default\">Nh\u00e1m x\u1ebfp<\/h3>\t\t<\/div>\n\t\t\t\t<\/div>\n\t\t\t\t<div class=\"elementor-element elementor-element-bff77ed elementor-widget elementor-widget-heading\" data-id=\"bff77ed\" data-element_type=\"widget\" data-widget_type=\"heading.default\">\n\t\t\t\t<div class=\"elementor-widget-container\">\n\t\t\t<h4 class=\"elementor-heading-title elementor-size-default\">T\u00ednh n\u0103ng, \u0111\u1eb7c \u0111i\u1ec3m<\/h4>\t\t<\/div>\n\t\t\t\t<\/div>\n\t\t\t\t<div class=\"elementor-element elementor-element-7edd6a3 elementor-widget elementor-widget-text-editor\" data-id=\"7edd6a3\" data-element_type=\"widget\" data-widget_type=\"text-editor.default\">\n\t\t\t\t<div class=\"elementor-widget-container\">\n\t\t\t<style>\/*! elementor - v3.7.8 - 02-10-2022 *\/\n.elementor-widget-text-editor.elementor-drop-cap-view-stacked .elementor-drop-cap{background-color:#818a91;color:#fff}.elementor-widget-text-editor.elementor-drop-cap-view-framed .elementor-drop-cap{color:#818a91;border:3px solid;background-color:transparent}.elementor-widget-text-editor:not(.elementor-drop-cap-view-default) .elementor-drop-cap{margin-top:8px}.elementor-widget-text-editor:not(.elementor-drop-cap-view-default) .elementor-drop-cap-letter{width:1em;height:1em}.elementor-widget-text-editor .elementor-drop-cap{float:left;text-align:center;line-height:1;font-size:50px}.elementor-widget-text-editor .elementor-drop-cap-letter{display:inline-block}<\/style>\t\t\t\t<p>\u0110\u01b0\u1ee3c s\u1ea3n xu\u1ea5t b\u1eb1ng c\u00e1ch c\u1eaft c\u00e1c mi\u1ebfng m\u00e0i th\u00e0nh mi\u1ebfng v\u00e0 x\u1ebfp ch\u00fang l\u00ean \u0111\u0129a \u0111\u1ec7m, \u0111\u01b0\u1ee3c ch\u1ea5p nh\u1eadn tr\u00ean to\u00e0n th\u1ebf gi\u1edbi v\u1edbi c\u00e1c t\u00ednh n\u1eafng n\u1ed5 b\u1eadt nh\u01b0: \u0111\u1ed9 b\u1ec1n, \u0111\u1ed9 s\u1eafc, t\u1ed1c \u0111\u1ed9 th\u00ec c\u00f4ng, kh\u00f4ng c\u00f3 v\u1ebft n\u1ee9t, kh\u00f4ng g\u00e2y nguy hi\u1ec3m cho ng\u01b0\u1eddi s\u1eed d\u1ee5ng \u00e0 h\u1ea1n ch\u1ebf b\u1ee5i g\u00e2y h\u1ea1i cho s\u1ee9c kh\u1ecfe. Ch\u1ea5t li\u1ec7u ch\u1ea5t l\u01b0\u1ee3ng cao \u0111\u01b0\u1ee3c nh\u1eadp kh\u1ea9u t\u1eeb \u0110\u1ee9c, \u00dac v\u00e0 H\u00e0n Qu\u1ed1c.<\/p>\t\t\t\t\t\t<\/div>\n\t\t\t\t<\/div>\n\t\t\t\t<div class=\"elementor-element elementor-element-d619fbc elementor-widget elementor-widget-heading\" data-id=\"d619fbc\" data-element_type=\"widget\" data-widget_type=\"heading.default\">\n\t\t\t\t<div class=\"elementor-widget-container\">\n\t\t\t<h4 class=\"elementor-heading-title elementor-size-default\">\u1ee8ng d\u1ee5ng<\/h4>\t\t<\/div>\n\t\t\t\t<\/div>\n\t\t\t\t<div class=\"elementor-element elementor-element-18a8d17 elementor-widget elementor-widget-text-editor\" data-id=\"18a8d17\" data-element_type=\"widget\" data-widget_type=\"text-editor.default\">\n\t\t\t\t<div class=\"elementor-widget-container\">\n\t\t\t\t\t\t\t<p>Nh\u00e1m x\u1ebfp th\u00edch h\u1ee3p cho c\u00e1c c\u00f4ng vi\u1ec7c ho\u00e0n thi\u1ec7n, \u0111\u00e1nh b\u00f3ng g\u1ec9 s\u1eaft, ch\u00e0 nh\u00e1m, th\u00e1o g\u1ee1 v\u1ebft h\u00e0n vaflamf s\u1ea1ch b\u1ec1 m\u1eb7t, \u1ee9ng d\u1ee5ng cho g\u1ed7, kim lo\u1ea1i (s\u1eaft, inox, nh\u00f4m, \u0111\u1ed3ng thau, nh\u01b0a, g\u1ed1m v\u00e0 \u0111\u00e1 c\u1ea9m th\u1ea1ch. N\u00f3 ho\u1ea1t \u0111\u1ed9ng t\u1ed1t v\u1edbi b\u1ec1 m\u1eb7t ph\u1eb3ng.)<\/p>\t\t\t\t\t\t<\/div>\n\t\t\t\t<\/div>\n\t\t\t\t<div class=\"elementor-element elementor-element-2b38385 elementor-widget elementor-widget-image\" data-id=\"2b38385\" data-element_type=\"widget\" data-widget_type=\"image.default\">\n\t\t\t\t<div class=\"elementor-widget-container\">\n\t\t\t<style>\/*! elementor - v3.7.8 - 02-10-2022 *\/\n.elementor-widget-image{text-align:center}.elementor-widget-image a{display:inline-block}.elementor-widget-image a img[src$=\".svg\"]{width:48px}.elementor-widget-image img{vertical-align:middle;display:inline-block}<\/style>\t\t\t\t\t\t\t\t\t\t\t\t<img decoding=\"async\" width=\"800\" height=\"531\" src=\"https:\/\/kiennguyen900.com\/wp-content\/uploads\/2022\/09\/hfgh-1024x680.png\" class=\"attachment-large size-large\" alt=\"\" loading=\"lazy\" srcset=\"https:\/\/kiennguyen900.com\/wp-content\/uploads\/2022\/09\/hfgh-1024x680.png 1024w, https:\/\/kiennguyen900.com\/wp-content\/uploads\/2022\/09\/hfgh-600x398.png 600w, https:\/\/kiennguyen900.com\/wp-content\/uploads\/2022\/09\/hfgh-300x199.png 300w, https:\/\/kiennguyen900.com\/wp-content\/uploads\/2022\/09\/hfgh-768x510.png 768w, https:\/\/kiennguyen900.com\/wp-content\/uploads\/2022\/09\/hfgh-18x12.png 18w, https:\/\/kiennguyen900.com\/wp-content\/uploads\/2022\/09\/hfgh.png 1250w\" sizes=\"(max-width: 800px) 100vw, 800px\" \/>\t\t\t\t\t\t\t\t\t\t\t\t\t\t\t<\/div>\n\t\t\t\t<\/div>\n\t\t\t\t<div class=\"elementor-element elementor-element-a4d742f elementor-widget elementor-widget-image\" data-id=\"a4d742f\" data-element_type=\"widget\" data-widget_type=\"image.default\">\n\t\t\t\t<div class=\"elementor-widget-container\">\n\t\t\t\t\t\t\t\t\t\t\t\t\t\t\t<img decoding=\"async\" width=\"562\" height=\"100\" src=\"https:\/\/kiennguyen900.com\/wp-content\/uploads\/2022\/10\/da-cat-thong-so-2.png\" class=\"attachment-large size-large\" alt=\"\" loading=\"lazy\" srcset=\"https:\/\/kiennguyen900.com\/wp-content\/uploads\/2022\/10\/da-cat-thong-so-2.png 562w, https:\/\/kiennguyen900.com\/wp-content\/uploads\/2022\/10\/da-cat-thong-so-2-300x53.png 300w, https:\/\/kiennguyen900.com\/wp-content\/uploads\/2022\/10\/da-cat-thong-so-2-18x3.png 18w\" sizes=\"(max-width: 562px) 100vw, 562px\" \/>\t\t\t\t\t\t\t\t\t\t\t\t\t\t\t<\/div>\n\t\t\t\t<\/div>\n\t\t\t\t\t<\/div>\n\t\t<\/div>\n\t\t\t\t\t\t\t<\/div>\n\t\t<\/section>\n\t\t\t\t<section class=\"elementor-section elementor-top-section elementor-element elementor-element-6d061a8 elementor-section-boxed elementor-section-height-default elementor-section-height-default\" data-id=\"6d061a8\" data-element_type=\"section\">\n\t\t\t\t\t\t<div class=\"elementor-container elementor-column-gap-default\">\n\t\t\t\t\t<div class=\"elementor-column elementor-col-100 elementor-top-column elementor-element elementor-element-3fadb66\" data-id=\"3fadb66\" data-element_type=\"column\">\n\t\t\t<div class=\"elementor-widget-wrap elementor-element-populated\">\n\t\t\t\t\t\t\t\t<div class=\"elementor-element elementor-element-920b358 elementor-widget elementor-widget-heading\" data-id=\"920b358\" data-element_type=\"widget\" data-widget_type=\"heading.default\">\n\t\t\t\t<div class=\"elementor-widget-container\">\n\t\t\t<h3 class=\"elementor-heading-title elementor-size-default\">\u0110\u00e1 c\u1eaft<\/h3>\t\t<\/div>\n\t\t\t\t<\/div>\n\t\t\t\t<div class=\"elementor-element elementor-element-555afdf elementor-widget elementor-widget-heading\" data-id=\"555afdf\" data-element_type=\"widget\" data-widget_type=\"heading.default\">\n\t\t\t\t<div class=\"elementor-widget-container\">\n\t\t\t<h4 class=\"elementor-heading-title elementor-size-default\">T\u00ednh n\u0103ng, \u0111\u1eb7c \u0111i\u1ec3m<\/h4>\t\t<\/div>\n\t\t\t\t<\/div>\n\t\t\t\t<div class=\"elementor-element elementor-element-3335dfe elementor-widget elementor-widget-text-editor\" data-id=\"3335dfe\" data-element_type=\"widget\" data-widget_type=\"text-editor.default\">\n\t\t\t\t<div class=\"elementor-widget-container\">\n\t\t\t\t\t\t\t<p>\u0110\u01b0\u1ee3c s\u1ea3n xu\u1ea5t v\u1edbi c\u00f4ng ngh\u1ec7 cao v\u00e0 \u0111\u01b0\u1ee3c ki\u1ec3m so\u00e1t ch\u1ea5t l\u01b0\u1ee3ng nghi\u00eam ng\u1eb7t t\u1eeb \u0111\u1ed9i ng\u0169 nh\u00e2n vi\u00ean gi\u00e0u kinh nghi\u1ec7m, c\u0169ng nh\u01b0 \u0111\u01b0\u1ee3c s\u1ea3n xu\u00e1t t\u1eeb c\u00e1c nguy\u00ean li\u1ec7u th\u00f4 nh\u1eadp kh\u1ea9u ch\u1ea5t l\u01b0\u1ee3ng cao, bao g\u1ed3m Oxit nh\u00f4m \u0111\u01b0\u1ee3c gia c\u1ed1 b\u1eb1ng s\u1ee3i thuuyr tinh \u0111\u1eb7c bi\u1ec7t. L\u01b0\u1ee1i c\u1eaft c\u1ee7a ch\u00fang t\u00f4i r\u1ea5t s\u1eafc, c\u1eaft nhanh b\u1ec1n, hi\u1ec7u su\u1ea5t cao, c\u00f3 nhi\u1ec1u \u0111\u1eb7c \u0111i\u1ec3m \u0111\u1ea1t \u0111\u01b0\u1ee3c khi so v\u1edbi c\u00e1c l\u01b0\u1ee1i c\u1eaft th\u00f4ng th\u01b0\u1eddng kh\u00e1c nh\u01b0: c\u00f3 b\u1ec1 m\u1eb7t sau c\u1eaft \u0111\u1eb9p v\u00e0 m\u1ecbn, h\u1ea1n ch\u1ebf kh\u00f3i v\u00e0 m\u00f9i kh\u00f3 ch\u1ecbu cho ng\u01b0\u1eddi s\u1eed d\u1ee5ng.<\/p>\t\t\t\t\t\t<\/div>\n\t\t\t\t<\/div>\n\t\t\t\t<div class=\"elementor-element elementor-element-2235be8 elementor-widget elementor-widget-heading\" data-id=\"2235be8\" data-element_type=\"widget\" data-widget_type=\"heading.default\">\n\t\t\t\t<div class=\"elementor-widget-container\">\n\t\t\t<h4 class=\"elementor-heading-title elementor-size-default\">\u1ee8ng d\u1ee5ng<\/h4>\t\t<\/div>\n\t\t\t\t<\/div>\n\t\t\t\t<div class=\"elementor-element elementor-element-d2f5ff8 elementor-widget elementor-widget-text-editor\" data-id=\"d2f5ff8\" data-element_type=\"widget\" data-widget_type=\"text-editor.default\">\n\t\t\t\t<div class=\"elementor-widget-container\">\n\t\t\t\t\t\t\t<p>Th\u00edch h\u1ee3p \u0111\u1ec3 c\u1eaft s\u1eaft<\/p>\t\t\t\t\t\t<\/div>\n\t\t\t\t<\/div>\n\t\t\t\t<div class=\"elementor-element elementor-element-3842e99 elementor-widget elementor-widget-image\" data-id=\"3842e99\" data-element_type=\"widget\" data-widget_type=\"image.default\">\n\t\t\t\t<div class=\"elementor-widget-container\">\n\t\t\t\t\t\t\t\t\t\t\t\t\t\t\t<img decoding=\"async\" width=\"800\" height=\"443\" src=\"https:\/\/kiennguyen900.com\/wp-content\/uploads\/2022\/09\/nkk.png\" class=\"attachment-large size-large\" alt=\"\" loading=\"lazy\" srcset=\"https:\/\/kiennguyen900.com\/wp-content\/uploads\/2022\/09\/nkk.png 975w, https:\/\/kiennguyen900.com\/wp-content\/uploads\/2022\/09\/nkk-600x332.png 600w, https:\/\/kiennguyen900.com\/wp-content\/uploads\/2022\/09\/nkk-300x166.png 300w, https:\/\/kiennguyen900.com\/wp-content\/uploads\/2022\/09\/nkk-768x425.png 768w, https:\/\/kiennguyen900.com\/wp-content\/uploads\/2022\/09\/nkk-18x10.png 18w\" sizes=\"(max-width: 800px) 100vw, 800px\" \/>\t\t\t\t\t\t\t\t\t\t\t\t\t\t\t<\/div>\n\t\t\t\t<\/div>\n\t\t\t\t<div class=\"elementor-element elementor-element-214f265 elementor-widget elementor-widget-image\" data-id=\"214f265\" data-element_type=\"widget\" data-widget_type=\"image.default\">\n\t\t\t\t<div class=\"elementor-widget-container\">\n\t\t\t\t\t\t\t\t\t\t\t\t\t\t\t<img decoding=\"async\" width=\"565\" height=\"303\" src=\"https:\/\/kiennguyen900.com\/wp-content\/uploads\/2022\/10\/da-cat-thong-so.png\" class=\"attachment-full size-full\" alt=\"\" loading=\"lazy\" srcset=\"https:\/\/kiennguyen900.com\/wp-content\/uploads\/2022\/10\/da-cat-thong-so.png 565w, https:\/\/kiennguyen900.com\/wp-content\/uploads\/2022\/10\/da-cat-thong-so-300x161.png 300w, https:\/\/kiennguyen900.com\/wp-content\/uploads\/2022\/10\/da-cat-thong-so-18x10.png 18w\" sizes=\"(max-width: 565px) 100vw, 565px\" \/>\t\t\t\t\t\t\t\t\t\t\t\t\t\t\t<\/div>\n\t\t\t\t<\/div>\n\t\t\t\t\t<\/div>\n\t\t<\/div>\n\t\t\t\t\t\t\t<\/div>\n\t\t<\/section>\n\t\t\t\t<section class=\"elementor-section elementor-top-section elementor-element elementor-element-42fa7f5 elementor-section-boxed elementor-section-height-default elementor-section-height-default\" data-id=\"42fa7f5\" data-element_type=\"section\">\n\t\t\t\t\t\t<div class=\"elementor-container elementor-column-gap-default\">\n\t\t\t\t\t<div class=\"elementor-column elementor-col-100 elementor-top-column elementor-element elementor-element-5389624\" data-id=\"5389624\" data-element_type=\"column\">\n\t\t\t<div class=\"elementor-widget-wrap elementor-element-populated\">\n\t\t\t\t\t\t\t\t<div class=\"elementor-element elementor-element-23a8e66 elementor-widget elementor-widget-heading\" data-id=\"23a8e66\" data-element_type=\"widget\" data-widget_type=\"heading.default\">\n\t\t\t\t<div class=\"elementor-widget-container\">\n\t\t\t<h3 class=\"elementor-heading-title elementor-size-default\">\u0110\u00e1 m\u00e0i<\/h3>\t\t<\/div>\n\t\t\t\t<\/div>\n\t\t\t\t<div class=\"elementor-element elementor-element-5867165 elementor-widget elementor-widget-heading\" data-id=\"5867165\" data-element_type=\"widget\" data-widget_type=\"heading.default\">\n\t\t\t\t<div class=\"elementor-widget-container\">\n\t\t\t<h4 class=\"elementor-heading-title elementor-size-default\">T\u00ednh n\u0103ng, \u0111\u1eb7c \u0111i\u1ec3m<\/h4>\t\t<\/div>\n\t\t\t\t<\/div>\n\t\t\t\t<div class=\"elementor-element elementor-element-bac0478 elementor-widget elementor-widget-text-editor\" data-id=\"bac0478\" data-element_type=\"widget\" data-widget_type=\"text-editor.default\">\n\t\t\t\t<div class=\"elementor-widget-container\">\n\t\t\t\t\t\t\t<p>\u0110\u01b0\u1ee3c s\u1ea3n xu\u1ea5t t\u1eeb c\u00e1t v\u00e0 s\u1ee3i th\u1ee7y tinh ch\u1ea5t l\u1ef1ng cao \u0111\u01b0\u1ee3c k\u1ebft d\u00ednh b\u1eb1ng ch\u1ea5t keo \u0111\u1eb7c bi\u1ec7t, n\u00ean b\u00e1nh m\u00e0i c\u1ee7a ch\u00fang t\u00f4i \u0111\u1ea1t \u0111\u01b0\u1ee3c \u0111\u1ed9 b\u1ec1n, d\u1ebbo v\u00e0 kh\u00f4ng c\u00f3 v\u1ebft n\u1ee9t. K\u1ebft h\u1ee3p v\u1edbi \u0111\u1ed9 s\u1eafc c\u1ee7a b\u00e1nh m\u00e0i gi\u00fap cho vi\u1ec7c m\u00e0i nhanh h\u01a1n, gi\u1ea3m \u0111\u1ed9 rung v\u00e0 c\u1ea7n \u00edt l\u1ef1c h\u01a1n b\u00ecnh th\u01b0\u1eddng, c\u00f3 b\u1ec1 m\u1eb7t nh\u1eb5n v\u00e0 \u0111\u1ed9 an toanfcao, h\u1ea1n ch\u1ebf kh\u00f3i v\u00e0 m\u00f9i \u0111\u1ed9c h\u1ea1i cho ng\u01b0\u1eddi s\u1eed d\u1ee5ng. C\u00e1c \u0111\u01b0\u1eddng r\u1ea3nh \u0111\u1eb7c bi\u1ec7t tr\u00ean \u0111\u00e1 m\u00e0i, nh\u01b0 m\u1ed9t t\u1ea5m \u0111\u0129a than n\u1eb1m tr\u00ean m\u00e1y h\u00e1t, v\u1edbi m\u1ee5c \u0111\u00edch an to\u00e0n h\u01a1n.<\/p>\t\t\t\t\t\t<\/div>\n\t\t\t\t<\/div>\n\t\t\t\t<div class=\"elementor-element elementor-element-283a639 elementor-widget elementor-widget-heading\" data-id=\"283a639\" data-element_type=\"widget\" data-widget_type=\"heading.default\">\n\t\t\t\t<div class=\"elementor-widget-container\">\n\t\t\t<h4 class=\"elementor-heading-title elementor-size-default\">\u1ee8ng d\u1ee5ng<\/h4>\t\t<\/div>\n\t\t\t\t<\/div>\n\t\t\t\t<div class=\"elementor-element elementor-element-a639706 elementor-widget elementor-widget-text-editor\" data-id=\"a639706\" data-element_type=\"widget\" data-widget_type=\"text-editor.default\">\n\t\t\t\t<div class=\"elementor-widget-container\">\n\t\t\t\t\t\t\t<p>Ph\u00f9 h\u1ee3p cho b\u1ec1 m\u1eb7t tr\u01a1n tru c\u1ee7a s\u1eaft v\u00e0 c\u1ee7a c\u00e1c c\u00f4ng vi\u1ec7c l\u00e0m s\u1ea1ch b\u1ec1 m\u1eb7t li\u00ean quan bao g\u1ed3m m\u00e0i \u0111\u1ec3 lo\u1ea1i b\u1ec9 c\u00e1c v\u1ebft d\u01b0, r\u1ec9 s\u00e9t, c\u00e1c \u0111i\u1ec3m h\u00e0n v\u00e0 c\u00e1c \u0111\u01b0\u1eddng n\u1ed1i.<\/p>\t\t\t\t\t\t<\/div>\n\t\t\t\t<\/div>\n\t\t\t\t<div class=\"elementor-element elementor-element-684f91c elementor-widget elementor-widget-image\" data-id=\"684f91c\" data-element_type=\"widget\" data-widget_type=\"image.default\">\n\t\t\t\t<div class=\"elementor-widget-container\">\n\t\t\t\t\t\t\t\t\t\t\t\t\t\t\t<img decoding=\"async\" width=\"800\" height=\"531\" src=\"https:\/\/kiennguyen900.com\/wp-content\/uploads\/2022\/09\/hfgh-1024x680.png\" class=\"attachment-large size-large\" alt=\"\" loading=\"lazy\" srcset=\"https:\/\/kiennguyen900.com\/wp-content\/uploads\/2022\/09\/hfgh-1024x680.png 1024w, https:\/\/kiennguyen900.com\/wp-content\/uploads\/2022\/09\/hfgh-600x398.png 600w, https:\/\/kiennguyen900.com\/wp-content\/uploads\/2022\/09\/hfgh-300x199.png 300w, https:\/\/kiennguyen900.com\/wp-content\/uploads\/2022\/09\/hfgh-768x510.png 768w, https:\/\/kiennguyen900.com\/wp-content\/uploads\/2022\/09\/hfgh-18x12.png 18w, https:\/\/kiennguyen900.com\/wp-content\/uploads\/2022\/09\/hfgh.png 1250w\" sizes=\"(max-width: 800px) 100vw, 800px\" \/>\t\t\t\t\t\t\t\t\t\t\t\t\t\t\t<\/div>\n\t\t\t\t<\/div>\n\t\t\t\t<div class=\"elementor-element elementor-element-f868c7c elementor-widget elementor-widget-image\" data-id=\"f868c7c\" data-element_type=\"widget\" data-widget_type=\"image.default\">\n\t\t\t\t<div class=\"elementor-widget-container\">\n\t\t\t\t\t\t\t\t\t\t\t\t\t\t\t<img decoding=\"async\" width=\"564\" height=\"193\" src=\"https:\/\/kiennguyen900.com\/wp-content\/uploads\/2022\/10\/da-cat-thong-so-3.png\" class=\"attachment-large size-large\" alt=\"\" loading=\"lazy\" srcset=\"https:\/\/kiennguyen900.com\/wp-content\/uploads\/2022\/10\/da-cat-thong-so-3.png 564w, https:\/\/kiennguyen900.com\/wp-content\/uploads\/2022\/10\/da-cat-thong-so-3-300x103.png 300w, https:\/\/kiennguyen900.com\/wp-content\/uploads\/2022\/10\/da-cat-thong-so-3-18x6.png 18w\" sizes=\"(max-width: 564px) 100vw, 564px\" \/>\t\t\t\t\t\t\t\t\t\t\t\t\t\t\t<\/div>\n\t\t\t\t<\/div>\n\t\t\t\t\t<\/div>\n\t\t<\/div>\n\t\t\t\t\t\t\t<\/div>\n\t\t<\/section>\n\t\t\t\t\t\t\t<\/div>","protected":false},"excerpt":{"rendered":"<p>CATOLOUGE Nh\u00e1m x\u1ebfp T\u00ednh n\u0103ng, \u0111\u1eb7c \u0111i\u1ec3m \u0110\u01b0\u1ee3c s\u1ea3n xu\u1ea5t b\u1eb1ng c\u00e1ch c\u1eaft c\u00e1c mi\u1ebfng m\u00e0i th\u00e0nh mi\u1ebfng v\u00e0 x\u1ebfp ch\u00fang l\u00ean \u0111\u0129a \u0111\u1ec7m, \u0111\u01b0\u1ee3c ch\u1ea5p nh\u1eadn tr\u00ean to\u00e0n th\u1ebf gi\u1edbi v\u1edbi c\u00e1c t\u00ednh n\u1eafng n\u1ed5 b\u1eadt nh\u01b0: \u0111\u1ed9 b\u1ec1n, \u0111\u1ed9 s\u1eafc, t\u1ed1c \u0111\u1ed9 th\u00ec c\u00f4ng, kh\u00f4ng c\u00f3 v\u1ebft n\u1ee9t, kh\u00f4ng g\u00e2y nguy hi\u1ec3m cho [&hellip;]<\/p>","protected":false},"author":1,"featured_media":0,"parent":0,"menu_order":0,"comment_status":"closed","ping_status":"closed","template":"elementor_header_footer","meta":[],"yst_prominent_words":[],"_links":{"self":[{"href":"https:\/\/kiennguyen900.com\/en\/wp-json\/wp\/v2\/pages\/2413"}],"collection":[{"href":"https:\/\/kiennguyen900.com\/en\/wp-json\/wp\/v2\/pages"}],"about":[{"href":"https:\/\/kiennguyen900.com\/en\/wp-json\/wp\/v2\/types\/page"}],"author":[{"embeddable":true,"href":"https:\/\/kiennguyen900.com\/en\/wp-json\/wp\/v2\/users\/1"}],"replies":[{"embeddable":true,"href":"https:\/\/kiennguyen900.com\/en\/wp-json\/wp\/v2\/comments?post=2413"}],"version-history":[{"count":68,"href":"https:\/\/kiennguyen900.com\/en\/wp-json\/wp\/v2\/pages\/2413\/revisions"}],"predecessor-version":[{"id":3162,"href":"https:\/\/kiennguyen900.com\/en\/wp-json\/wp\/v2\/pages\/2413\/revisions\/3162"}],"wp:attachment":[{"href":"https:\/\/kiennguyen900.com\/en\/wp-json\/wp\/v2\/media?parent=2413"}],"wp:term":[{"taxonomy":"yst_prominent_words","embeddable":true,"href":"https:\/\/kiennguyen900.com\/en\/wp-json\/wp\/v2\/yst_prominent_words?post=2413"}],"curies":[{"name":"wp","href":"https:\/\/api.w.org\/{rel}","templated":true}]}}